{"id":856,"date":"2018-05-23T21:20:14","date_gmt":"2018-05-23T19:20:14","guid":{"rendered":"https:\/\/www.misterfunghi.it\/blog\/?page_id=856"},"modified":"2018-05-23T21:22:47","modified_gmt":"2018-05-23T19:22:47","slug":"cookie-privacy-gdpr","status":"publish","type":"page","link":"https:\/\/www.misterfunghi.it\/blog\/cookie-privacy-gdpr\/","title":{"rendered":"Cookie Privacy GDPR"},"content":{"rendered":"<blockquote>\n<h3>Termini di utilizzo cookies e modalit\u00e0 di utilizzo Privacy GDPR<\/h3>\n<\/blockquote>\n<p><b>La nostra politica per la gestione dei tuoi dati personali:<\/b><\/p>\n<p>Chi siamo!<br \/>\nSiamo la <strong>Punto Agri<\/strong> di <em>Sabato Antonio Ascoli<\/em> che sar\u00e0 il &#8220;Controllore&#8221; dei dati personali che ci fornisci.<\/p>\n<p>Con sede in Indirizzo:<\/p>\n<p><em>Via campo trv. Palmieri 66 bis<\/em><br \/>\n<em>84088 Siano (SA)<\/em><br \/>\n<em>Partita iva: 05396930652<\/em><\/p>\n<h4>Cosa stiamo facendo con i tuoi dati:<\/h4>\n<p>Se non diversamente concordato con te, raccogliamo solo dati personali di base su di te, che di solito non includono particolari categorie di dati personali personalissimi (spesso noti come &#8220;dati personali sensibili&#8221;). Questa informazione, tuttavia, potrebbe includere il tuo nome, indirizzo email, indirizzo di contatto, numero di telefono e partita iva.<\/p>\n<h4>Perch\u00e9 ne abbiamo bisogno:<\/h4>\n<p>Abbiamo bisogno di conoscere i dati personali di base per registrare la tua iscrizione e tenerti aggiornato con le nostre attivit\u00e0. Puoi scegliere di disiscriverti da queste comunicazioni in qualsiasi momento inviando un&#8217;email a info@puntoagri.it Questo terminer\u00e0 anche la tua iscrizione con noi.<\/p>\n<h4>Cosa faremo con i tuoi dati:<\/h4>\n<p>Tutti i dati personali che conserviamo su di te verranno elaborati dai nostri collaboratori. Non invieremo i tuoi dati a terze parti a meno che tu non abbia espressamente concordato con noi in anticipo.<\/p>\n<p>Adottiamo tutte le misure ragionevoli per garantire che i tuoi dati personali vengano elaborati in modo sicuro.<\/p>\n<p>Vi invieremo le nostre informazioni e quelle sui nostri portali tramite : email<\/p>\n<h4>Per quanto tempo:<\/h4>\n<p>Generalmente conserveremo i tuoi dati personali per un periodo indefinito di tempo, in modo che possiamo mantenere la tua iscrizione e tenerti aggiornato sulle attivit\u00e0 del nostro portale. Ci\u00f2 include la nostra newsletter in corso e le comunicazioni di informazioni via e-mail. Le tue informazioni rimarranno con noi fino a quando non ci comunichi che non desideri pi\u00f9 ricevere queste informazioni. Hai il diritto di revocare il consenso in qualsiasi momento.<\/p>\n<h4>Dati personali sensibili:<\/h4>\n<p>Oltre ai dati di base sopra descritti, potrebbe anche essere utile informarci su dati sensibili , in modo tale che siamo a conoscenza di queste condizioni e di come esse influenzano l&#8217;utente. Questo ci consentir\u00e0 di adottare qualsiasi misura ragionevole per soddisfare esigenze o requisiti specifici che avete nel fornire i nostri servizi. Questo tipo di informazioni \u00e8 noto dalla legge come &#8220;informazioni di categoria speciale&#8221; e abbiamo bisogno del tuo consenso esplicito per elaborare queste informazioni.<\/p>\n<p>Questo tipo di informazioni sar\u00e0 raccolto da Punto Agri e utilizzato per assisterti, non sar\u00e0 condiviso con terze parti e verr\u00e0 conservato solo per il tempo necessario a tale scopo, o fino a quando non ci comunichi non acconsenti pi\u00f9 al suo trattamento.<\/p>\n<h4>Quali sono i tuoi diritti?<\/h4>\n<p>In base alla legislazione sulla protezione dei dati, hai diversi diritti sull&#8217;utilizzo dei tuoi dati personali, come segue:<\/p>\n<p>Se in qualsiasi momento desideri confermare se i tuoi dati personali sono in corso di elaborazione e \/ o accedere ai dati che conserviamo su di te, puoi richiedere per vedere queste informazioni, di solito a titolo gratuito, e risponderemo a questa richiesta entro un mese.<\/p>\n<p>Avete il diritto di cancellare i dati se non sono pi\u00f9 necessari o se non vi \u00e8 pi\u00f9 un motivo legittimo per l&#8217;elaborazione o se i dati in questione sono stati elaborati in modo illecito. Potete anche richiedere la cancellazione dei tuoi dati personali se sono stati elaborati solo come conseguenza del tuo consenso a questo e ora ritiri il tuo consenso. Questo finir\u00e0 anche la tua iscrizione.<\/p>\n<p>Avete il diritto di opporti al trattamento dei tuoi dati personali e di limitare il trattamento dei vostri dati personali in determinate circostanze, incluso se avete acconsentito al trattamento .<\/p>\n<h4>Come contestare l&#8217;uso dei dati:<\/h4>\n<p>Se si desidera presentare un reclamo su come abbiamo gestito i dati personali, inclusi i diritti sopra elencati, \u00e8 possibile contattare l&#8217;amministratore Antonio all&#8217;email<br \/>\ninfo@puntoagri.it<br \/>\ne le vostre preoccupazioni saranno esaminate in 2-3 settimane.<\/p>\n<p>Se non sei soddisfatto della nostra risposta, o ritieni che elaboriamo i tuoi dati in modo sleale o illecito, puoi presentare un reclamo al garante della Privacy.<\/p>\n<p>&nbsp;<\/p>\n<blockquote>\n<h3>Cookie e tracciamento utente<\/h3>\n<\/blockquote>\n<h3>Cosa sono i cookie?<\/h3>\n<div style=\"width: 800px;\">In informatica i cookie HTTP (pi\u00f9 comunemente denominati Web cookie, tracking cookie o semplicemente cookie) sono righe di testo usate per eseguire autenticazioni automatiche, tracciatura di sessioni e memorizzazione di informazioni specifiche riguardanti gli utenti che accedono al server, come ad esempio siti web preferiti o, in caso di acquisti via internet, il contenuto dei loro &#8220;carrelli della spesa&#8221;.<br \/>\nNel dettaglio, sono stringhe di testo di piccola dimensione inviate da un server ad un Web client (di solito un browser) e poi rimandati indietro dal client al server (senza subire modifiche) ogni volta che il client accede alla stessa porzione dello stesso dominio web. Il termine &#8220;cookie&#8221; \u2013 letteralmente &#8220;biscotto&#8221; \u2013 deriva da magic cookie (biscotto magico), concetto noto in ambiente UNIX che ha ispirato sia l&#8217;idea che il nome dei cookie HTTP.<br \/>\nOgni dominio o sua porzione che viene visitata col browser pu\u00f2 impostare dei cookie che vengono da molti domini diversi e ognuno di essi pu\u00f2 impostare cookie, \u00e8 normale ospitare nel proprio browser molte centinaia di cookie.L&#8217;impostazione pu\u00f2 essere definita in modo specifico per i diversi siti e applicazioni web. Inoltre i migliori browser consentono di definire impostazioni diverse per i cookie &#8216;proprietari&#8217; e per quelli di &#8216;terze parti&#8217;.<br \/>\n<b>A titolo di esempio:<\/b> in Firefox, attraverso il menu Strumenti-&gt;Opzioni -&gt;Privacy, \u00e8 possibile accedere ad un pannello di controllo dove \u00e8 possibile definire se accettare o meno i diversi tipi di cookie e procedere alla loro rimozione.<\/div>\n<div style=\"width: 800px;\"><a href=\"https:\/\/support.mozilla.org\/it\/kb\/Gestione%20dei%20cookie\">Firefox<\/a><\/div>\n<div style=\"width: 800px;\"><b><br \/>\n<\/b><a href=\"http:\/\/windows.microsoft.com\/it-it\/windows7\/how-to-manage-cookies-in-internet-explorer-9\">Internet Explorer<\/a><a href=\"http:\/\/help.opera.com\/Windows\/10.00\/it\/cookies.html\">Opera<\/a><a href=\"http:\/\/support.apple.com\/kb\/HT1677?viewlocale=it_IT\">Safari<\/a><a href=\"https:\/\/support.google.com\/chrome\/answer\/95647?hl=it\">Chrome<\/a><\/p>\n<h3>Finalit\u00e0 del tracciamento degli utenti<\/h3>\n<p>I Dati dell\u2019Utente sono raccolti per consentire all&#8217;applicazione di fornire i propri servizi, cos\u00ec come per le seguenti finalit\u00e0: Commento dei contenuti, Contattare l&#8217;Utente, Interazione con social network e piattaforme esterne e Statistica..<\/p>\n<h2>Privacy Utente<\/h2>\n<p>Modalit\u00e0 di trattamento<br \/>\nIl Titolare tratta i Dati Personali degli Utenti adottando le opportune misure di sicurezza volte ad impedire l\u2019accesso, la divulgazione, la modifica o la distruzione non autorizzate dei Dati Personali.<br \/>\nIl trattamento viene effettuato mediante strumenti informatici e\/o telematici, con modalit\u00e0 organizzative e con logiche strettamente correlate alle finalit\u00e0 indicate. Oltre al Titolare, in alcuni casi, potrebbero avere accesso ai Dati categorie di incaricati coinvolti nell\u2019organizzazione del sito (personale amministrativo, commerciale, marketing, legali, amministratori di sistema) ovvero soggetti esterni (come fornitori di servizi tecnici terzi, corrieri postali, hosting provider, societ\u00e0 informatiche, agenzie di comunicazione) nominati anche, se necessario, Responsabili del Trattamento da parte del Titolare. L\u2019elenco aggiornato dei Responsabili potr\u00e0 sempre essere richiesto al Titolare del Trattamento.<\/p>\n<\/div>\n<p>SEI DACCORDO E VUOI CHE I COOKIES DI MISTERFUNGHI.IT VENGANO MEMORIZZATI NEL TUO BROWSER?<\/p>\n<p><a class=\"cb-enable\" href=\"\/blog\"><b>HO LETTO e ACCETTO,<\/b> TORNA SU MISTERFUNGHI <\/a> &#8211; <a href=\"https:\/\/www.google.com\"> OPPURE <b>ESCI<\/b><\/a><\/p>\n","protected":false},"excerpt":{"rendered":"<p>Termini di utilizzo cookies e modalit\u00e0 di utilizzo Privacy GDPR La nostra politica per la gestione dei tuoi dati personali: Chi siamo! Siamo la Punto &#8230;. <\/p>\n","protected":false},"author":1,"featured_media":0,"parent":0,"menu_order":0,"comment_status":"closed","ping_status":"closed","template":"","meta":{"footnotes":""},"class_list":["post-856","page","type-page","status-publish","hentry"],"yoast_head":"<!-- This site is optimized with the Yoast SEO plugin v20.11 - https:\/\/yoast.com\/wordpress\/plugins\/seo\/ -->\n<title>CooKie Privacy GDPR<\/title>\n<meta name=\"robots\" content=\"noindex, nofollow\" \/>\n<meta property=\"og:locale\" content=\"it_IT\" \/>\n<meta property=\"og:type\" content=\"article\" \/>\n<meta property=\"og:title\" content=\"CooKie Privacy GDPR\" \/>\n<meta property=\"og:description\" content=\"Termini di utilizzo cookies e modalit\u00e0 di utilizzo Privacy GDPR La nostra politica per la gestione dei tuoi dati personali: Chi siamo! Siamo la Punto ....\" \/>\n<meta property=\"og:url\" content=\"https:\/\/www.misterfunghi.it\/blog\/cookie-privacy-gdpr\/\" \/>\n<meta property=\"og:site_name\" content=\"Substrati e Micelio per coltivare funghi fai da te\" \/>\n<meta property=\"article:modified_time\" content=\"2018-05-23T19:22:47+00:00\" \/>\n<meta name=\"twitter:label1\" content=\"Tempo di lettura stimato\" \/>\n\t<meta name=\"twitter:data1\" content=\"5 minuti\" \/>\n<script type=\"application\/ld+json\" class=\"yoast-schema-graph\">{\"@context\":\"https:\/\/schema.org\",\"@graph\":[{\"@type\":\"WebPage\",\"@id\":\"https:\/\/www.misterfunghi.it\/blog\/cookie-privacy-gdpr\/\",\"url\":\"https:\/\/www.misterfunghi.it\/blog\/cookie-privacy-gdpr\/\",\"name\":\"CooKie Privacy GDPR\",\"isPartOf\":{\"@id\":\"https:\/\/www.misterfunghi.it\/blog\/#website\"},\"datePublished\":\"2018-05-23T19:20:14+00:00\",\"dateModified\":\"2018-05-23T19:22:47+00:00\",\"breadcrumb\":{\"@id\":\"https:\/\/www.misterfunghi.it\/blog\/cookie-privacy-gdpr\/#breadcrumb\"},\"inLanguage\":\"it-IT\",\"potentialAction\":[{\"@type\":\"ReadAction\",\"target\":[\"https:\/\/www.misterfunghi.it\/blog\/cookie-privacy-gdpr\/\"]}]},{\"@type\":\"BreadcrumbList\",\"@id\":\"https:\/\/www.misterfunghi.it\/blog\/cookie-privacy-gdpr\/#breadcrumb\",\"itemListElement\":[{\"@type\":\"ListItem\",\"position\":1,\"name\":\"Home\",\"item\":\"https:\/\/www.misterfunghi.it\/blog\/\"},{\"@type\":\"ListItem\",\"position\":2,\"name\":\"Cookie Privacy GDPR\"}]},{\"@type\":\"WebSite\",\"@id\":\"https:\/\/www.misterfunghi.it\/blog\/#website\",\"url\":\"https:\/\/www.misterfunghi.it\/blog\/\",\"name\":\"Substrati e Micelio per coltivare funghi fai da te\",\"description\":\"Coltivare funghi in Casa e in Giardino\",\"publisher\":{\"@id\":\"https:\/\/www.misterfunghi.it\/blog\/#organization\"},\"potentialAction\":[{\"@type\":\"SearchAction\",\"target\":{\"@type\":\"EntryPoint\",\"urlTemplate\":\"https:\/\/www.misterfunghi.it\/blog\/?s={search_term_string}\"},\"query-input\":\"required name=search_term_string\"}],\"inLanguage\":\"it-IT\"},{\"@type\":\"Organization\",\"@id\":\"https:\/\/www.misterfunghi.it\/blog\/#organization\",\"name\":\"Mister Funghi\",\"url\":\"https:\/\/www.misterfunghi.it\/blog\/\",\"logo\":{\"@type\":\"ImageObject\",\"inLanguage\":\"it-IT\",\"@id\":\"https:\/\/www.misterfunghi.it\/blog\/#\/schema\/logo\/image\/\",\"url\":\"https:\/\/www.misterfunghi.it\/blog\/wp-content\/uploads\/2017\/09\/Logo-MisterFunghi.png\",\"contentUrl\":\"https:\/\/www.misterfunghi.it\/blog\/wp-content\/uploads\/2017\/09\/Logo-MisterFunghi.png\",\"width\":244,\"height\":99,\"caption\":\"Mister Funghi\"},\"image\":{\"@id\":\"https:\/\/www.misterfunghi.it\/blog\/#\/schema\/logo\/image\/\"}}]}<\/script>\n<!-- \/ Yoast SEO plugin. -->","yoast_head_json":{"title":"CooKie Privacy GDPR","robots":{"index":"noindex","follow":"nofollow"},"og_locale":"it_IT","og_type":"article","og_title":"CooKie Privacy GDPR","og_description":"Termini di utilizzo cookies e modalit\u00e0 di utilizzo Privacy GDPR La nostra politica per la gestione dei tuoi dati personali: Chi siamo! Siamo la Punto ....","og_url":"https:\/\/www.misterfunghi.it\/blog\/cookie-privacy-gdpr\/","og_site_name":"Substrati e Micelio per coltivare funghi fai da te","article_modified_time":"2018-05-23T19:22:47+00:00","twitter_misc":{"Tempo di lettura stimato":"5 minuti"},"schema":{"@context":"https:\/\/schema.org","@graph":[{"@type":"WebPage","@id":"https:\/\/www.misterfunghi.it\/blog\/cookie-privacy-gdpr\/","url":"https:\/\/www.misterfunghi.it\/blog\/cookie-privacy-gdpr\/","name":"CooKie Privacy GDPR","isPartOf":{"@id":"https:\/\/www.misterfunghi.it\/blog\/#website"},"datePublished":"2018-05-23T19:20:14+00:00","dateModified":"2018-05-23T19:22:47+00:00","breadcrumb":{"@id":"https:\/\/www.misterfunghi.it\/blog\/cookie-privacy-gdpr\/#breadcrumb"},"inLanguage":"it-IT","potentialAction":[{"@type":"ReadAction","target":["https:\/\/www.misterfunghi.it\/blog\/cookie-privacy-gdpr\/"]}]},{"@type":"BreadcrumbList","@id":"https:\/\/www.misterfunghi.it\/blog\/cookie-privacy-gdpr\/#breadcrumb","itemListElement":[{"@type":"ListItem","position":1,"name":"Home","item":"https:\/\/www.misterfunghi.it\/blog\/"},{"@type":"ListItem","position":2,"name":"Cookie Privacy GDPR"}]},{"@type":"WebSite","@id":"https:\/\/www.misterfunghi.it\/blog\/#website","url":"https:\/\/www.misterfunghi.it\/blog\/","name":"Substrati e Micelio per coltivare funghi fai da te","description":"Coltivare funghi in Casa e in Giardino","publisher":{"@id":"https:\/\/www.misterfunghi.it\/blog\/#organization"},"potentialAction":[{"@type":"SearchAction","target":{"@type":"EntryPoint","urlTemplate":"https:\/\/www.misterfunghi.it\/blog\/?s={search_term_string}"},"query-input":"required name=search_term_string"}],"inLanguage":"it-IT"},{"@type":"Organization","@id":"https:\/\/www.misterfunghi.it\/blog\/#organization","name":"Mister Funghi","url":"https:\/\/www.misterfunghi.it\/blog\/","logo":{"@type":"ImageObject","inLanguage":"it-IT","@id":"https:\/\/www.misterfunghi.it\/blog\/#\/schema\/logo\/image\/","url":"https:\/\/www.misterfunghi.it\/blog\/wp-content\/uploads\/2017\/09\/Logo-MisterFunghi.png","contentUrl":"https:\/\/www.misterfunghi.it\/blog\/wp-content\/uploads\/2017\/09\/Logo-MisterFunghi.png","width":244,"height":99,"caption":"Mister Funghi"},"image":{"@id":"https:\/\/www.misterfunghi.it\/blog\/#\/schema\/logo\/image\/"}}]}},"amp_enabled":true,"_links":{"self":[{"href":"https:\/\/www.misterfunghi.it\/blog\/wp-json\/wp\/v2\/pages\/856","targetHints":{"allow":["GET"]}}],"collection":[{"href":"https:\/\/www.misterfunghi.it\/blog\/wp-json\/wp\/v2\/pages"}],"about":[{"href":"https:\/\/www.misterfunghi.it\/blog\/wp-json\/wp\/v2\/types\/page"}],"author":[{"embeddable":true,"href":"https:\/\/www.misterfunghi.it\/blog\/wp-json\/wp\/v2\/users\/1"}],"replies":[{"embeddable":true,"href":"https:\/\/www.misterfunghi.it\/blog\/wp-json\/wp\/v2\/comments?post=856"}],"version-history":[{"count":2,"href":"https:\/\/www.misterfunghi.it\/blog\/wp-json\/wp\/v2\/pages\/856\/revisions"}],"predecessor-version":[{"id":859,"href":"https:\/\/www.misterfunghi.it\/blog\/wp-json\/wp\/v2\/pages\/856\/revisions\/859"}],"wp:attachment":[{"href":"https:\/\/www.misterfunghi.it\/blog\/wp-json\/wp\/v2\/media?parent=856"}],"curies":[{"name":"wp","href":"https:\/\/api.w.org\/{rel}","templated":true}]}}