{"id":69,"date":"2014-11-08T18:24:51","date_gmt":"2014-11-08T17:24:51","guid":{"rendered":"http:\/\/www.misterfunghi.it\/home\/?page_id=69"},"modified":"2017-02-11T11:03:29","modified_gmt":"2017-02-11T10:03:29","slug":"chi-siamo","status":"publish","type":"page","link":"https:\/\/www.misterfunghi.it\/blog\/chi-siamo\/","title":{"rendered":"Chi siamo"},"content":{"rendered":"<p><strong>MisterFunghi<\/strong> \u00e8 sinonimo di garanzia nella coltivazione di funghi e fai da te, perch\u00e8 prima della vendita e del nostro lavoro, viene la nostra pi\u00f9 amata passione nel mondo della fungicoltura, ed oltre ad offrire prodotti ad alt\u00e0 qualit\u00e0 produttiva, offriamo prima l&#8217;impegno e appunto passione nel svolgere il nostro lavoro.<\/p>\n<blockquote><p>Tutti i prodotti per la coltivazione li trovi sul nostro &gt;<a href=\"https:\/\/www.misterfunghi.it\">Negozio online<\/a>&lt;<\/p><\/blockquote>\n<h4>Ecco come gustare funghi sempre freschi e profumati in ogni esigenza!<\/h4>\n","protected":false},"excerpt":{"rendered":"<p>MisterFunghi \u00e8 sinonimo di garanzia nella coltivazione di funghi e fai da te, perch\u00e8 prima della vendita e del nostro lavoro, viene la nostra pi\u00f9 &#8230;. <\/p>\n","protected":false},"author":1,"featured_media":0,"parent":0,"menu_order":0,"comment_status":"closed","ping_status":"closed","template":"","meta":{"footnotes":""},"class_list":["post-69","page","type-page","status-publish","hentry"],"yoast_head":"<!-- This site is optimized with the Yoast SEO plugin v20.11 - https:\/\/yoast.com\/wordpress\/plugins\/seo\/ -->\n<title>Chi siamo - Substrati e Micelio per coltivare funghi fai da te<\/title>\n<meta name=\"robots\" content=\"index, follow, max-snippet:-1, max-image-preview:large, max-video-preview:-1\" \/>\n<link rel=\"canonical\" href=\"https:\/\/www.misterfunghi.it\/blog\/chi-siamo\/\" \/>\n<meta property=\"og:locale\" content=\"it_IT\" \/>\n<meta property=\"og:type\" content=\"article\" \/>\n<meta property=\"og:title\" content=\"Chi siamo - Substrati e Micelio per coltivare funghi fai da te\" \/>\n<meta property=\"og:description\" content=\"MisterFunghi \u00e8 sinonimo di garanzia nella coltivazione di funghi e fai da te, perch\u00e8 prima della vendita e del nostro lavoro, viene la nostra pi\u00f9 ....\" \/>\n<meta property=\"og:url\" content=\"https:\/\/www.misterfunghi.it\/blog\/chi-siamo\/\" \/>\n<meta property=\"og:site_name\" content=\"Substrati e Micelio per coltivare funghi fai da te\" \/>\n<meta property=\"article:modified_time\" content=\"2017-02-11T10:03:29+00:00\" \/>\n<script type=\"application\/ld+json\" class=\"yoast-schema-graph\">{\"@context\":\"https:\/\/schema.org\",\"@graph\":[{\"@type\":\"WebPage\",\"@id\":\"https:\/\/www.misterfunghi.it\/blog\/chi-siamo\/\",\"url\":\"https:\/\/www.misterfunghi.it\/blog\/chi-siamo\/\",\"name\":\"Chi siamo - Substrati e Micelio per coltivare funghi fai da te\",\"isPartOf\":{\"@id\":\"https:\/\/www.misterfunghi.it\/blog\/#website\"},\"datePublished\":\"2014-11-08T17:24:51+00:00\",\"dateModified\":\"2017-02-11T10:03:29+00:00\",\"breadcrumb\":{\"@id\":\"https:\/\/www.misterfunghi.it\/blog\/chi-siamo\/#breadcrumb\"},\"inLanguage\":\"it-IT\",\"potentialAction\":[{\"@type\":\"ReadAction\",\"target\":[\"https:\/\/www.misterfunghi.it\/blog\/chi-siamo\/\"]}]},{\"@type\":\"BreadcrumbList\",\"@id\":\"https:\/\/www.misterfunghi.it\/blog\/chi-siamo\/#breadcrumb\",\"itemListElement\":[{\"@type\":\"ListItem\",\"position\":1,\"name\":\"Home\",\"item\":\"https:\/\/www.misterfunghi.it\/blog\/\"},{\"@type\":\"ListItem\",\"position\":2,\"name\":\"Chi siamo\"}]},{\"@type\":\"WebSite\",\"@id\":\"https:\/\/www.misterfunghi.it\/blog\/#website\",\"url\":\"https:\/\/www.misterfunghi.it\/blog\/\",\"name\":\"Substrati e Micelio per coltivare funghi fai da te\",\"description\":\"Coltivare funghi in Casa e in Giardino\",\"publisher\":{\"@id\":\"https:\/\/www.misterfunghi.it\/blog\/#organization\"},\"potentialAction\":[{\"@type\":\"SearchAction\",\"target\":{\"@type\":\"EntryPoint\",\"urlTemplate\":\"https:\/\/www.misterfunghi.it\/blog\/?s={search_term_string}\"},\"query-input\":\"required name=search_term_string\"}],\"inLanguage\":\"it-IT\"},{\"@type\":\"Organization\",\"@id\":\"https:\/\/www.misterfunghi.it\/blog\/#organization\",\"name\":\"Mister Funghi\",\"url\":\"https:\/\/www.misterfunghi.it\/blog\/\",\"logo\":{\"@type\":\"ImageObject\",\"inLanguage\":\"it-IT\",\"@id\":\"https:\/\/www.misterfunghi.it\/blog\/#\/schema\/logo\/image\/\",\"url\":\"https:\/\/www.misterfunghi.it\/blog\/wp-content\/uploads\/2017\/09\/Logo-MisterFunghi.png\",\"contentUrl\":\"https:\/\/www.misterfunghi.it\/blog\/wp-content\/uploads\/2017\/09\/Logo-MisterFunghi.png\",\"width\":244,\"height\":99,\"caption\":\"Mister Funghi\"},\"image\":{\"@id\":\"https:\/\/www.misterfunghi.it\/blog\/#\/schema\/logo\/image\/\"}}]}<\/script>\n<!-- \/ Yoast SEO plugin. -->","yoast_head_json":{"title":"Chi siamo - Substrati e Micelio per coltivare funghi fai da te","robots":{"index":"index","follow":"follow","max-snippet":"max-snippet:-1","max-image-preview":"max-image-preview:large","max-video-preview":"max-video-preview:-1"},"canonical":"https:\/\/www.misterfunghi.it\/blog\/chi-siamo\/","og_locale":"it_IT","og_type":"article","og_title":"Chi siamo - Substrati e Micelio per coltivare funghi fai da te","og_description":"MisterFunghi \u00e8 sinonimo di garanzia nella coltivazione di funghi e fai da te, perch\u00e8 prima della vendita e del nostro lavoro, viene la nostra pi\u00f9 ....","og_url":"https:\/\/www.misterfunghi.it\/blog\/chi-siamo\/","og_site_name":"Substrati e Micelio per coltivare funghi fai da te","article_modified_time":"2017-02-11T10:03:29+00:00","schema":{"@context":"https:\/\/schema.org","@graph":[{"@type":"WebPage","@id":"https:\/\/www.misterfunghi.it\/blog\/chi-siamo\/","url":"https:\/\/www.misterfunghi.it\/blog\/chi-siamo\/","name":"Chi siamo - Substrati e Micelio per coltivare funghi fai da te","isPartOf":{"@id":"https:\/\/www.misterfunghi.it\/blog\/#website"},"datePublished":"2014-11-08T17:24:51+00:00","dateModified":"2017-02-11T10:03:29+00:00","breadcrumb":{"@id":"https:\/\/www.misterfunghi.it\/blog\/chi-siamo\/#breadcrumb"},"inLanguage":"it-IT","potentialAction":[{"@type":"ReadAction","target":["https:\/\/www.misterfunghi.it\/blog\/chi-siamo\/"]}]},{"@type":"BreadcrumbList","@id":"https:\/\/www.misterfunghi.it\/blog\/chi-siamo\/#breadcrumb","itemListElement":[{"@type":"ListItem","position":1,"name":"Home","item":"https:\/\/www.misterfunghi.it\/blog\/"},{"@type":"ListItem","position":2,"name":"Chi siamo"}]},{"@type":"WebSite","@id":"https:\/\/www.misterfunghi.it\/blog\/#website","url":"https:\/\/www.misterfunghi.it\/blog\/","name":"Substrati e Micelio per coltivare funghi fai da te","description":"Coltivare funghi in Casa e in Giardino","publisher":{"@id":"https:\/\/www.misterfunghi.it\/blog\/#organization"},"potentialAction":[{"@type":"SearchAction","target":{"@type":"EntryPoint","urlTemplate":"https:\/\/www.misterfunghi.it\/blog\/?s={search_term_string}"},"query-input":"required name=search_term_string"}],"inLanguage":"it-IT"},{"@type":"Organization","@id":"https:\/\/www.misterfunghi.it\/blog\/#organization","name":"Mister Funghi","url":"https:\/\/www.misterfunghi.it\/blog\/","logo":{"@type":"ImageObject","inLanguage":"it-IT","@id":"https:\/\/www.misterfunghi.it\/blog\/#\/schema\/logo\/image\/","url":"https:\/\/www.misterfunghi.it\/blog\/wp-content\/uploads\/2017\/09\/Logo-MisterFunghi.png","contentUrl":"https:\/\/www.misterfunghi.it\/blog\/wp-content\/uploads\/2017\/09\/Logo-MisterFunghi.png","width":244,"height":99,"caption":"Mister Funghi"},"image":{"@id":"https:\/\/www.misterfunghi.it\/blog\/#\/schema\/logo\/image\/"}}]}},"amp_enabled":true,"_links":{"self":[{"href":"https:\/\/www.misterfunghi.it\/blog\/wp-json\/wp\/v2\/pages\/69","targetHints":{"allow":["GET"]}}],"collection":[{"href":"https:\/\/www.misterfunghi.it\/blog\/wp-json\/wp\/v2\/pages"}],"about":[{"href":"https:\/\/www.misterfunghi.it\/blog\/wp-json\/wp\/v2\/types\/page"}],"author":[{"embeddable":true,"href":"https:\/\/www.misterfunghi.it\/blog\/wp-json\/wp\/v2\/users\/1"}],"replies":[{"embeddable":true,"href":"https:\/\/www.misterfunghi.it\/blog\/wp-json\/wp\/v2\/comments?post=69"}],"version-history":[{"count":10,"href":"https:\/\/www.misterfunghi.it\/blog\/wp-json\/wp\/v2\/pages\/69\/revisions"}],"predecessor-version":[{"id":566,"href":"https:\/\/www.misterfunghi.it\/blog\/wp-json\/wp\/v2\/pages\/69\/revisions\/566"}],"wp:attachment":[{"href":"https:\/\/www.misterfunghi.it\/blog\/wp-json\/wp\/v2\/media?parent=69"}],"curies":[{"name":"wp","href":"https:\/\/api.w.org\/{rel}","templated":true}]}}